{"id":9,"date":"2025-07-23T08:22:47","date_gmt":"2025-07-23T08:22:47","guid":{"rendered":"https:\/\/estudiocaballero.es\/?page_id=9"},"modified":"2025-07-25T17:30:24","modified_gmt":"2025-07-25T17:30:24","slug":"inicio","status":"publish","type":"page","link":"https:\/\/estudiocaballero.es\/","title":{"rendered":"Inicio"},"content":{"rendered":"\n<div class=\"wp-block-cover alignfull\" style=\"min-height:720px;aspect-ratio:unset;\"><span aria-hidden=\"true\" class=\"wp-block-cover__background has-background-dim-100 has-background-dim has-background-gradient\" style=\"background:linear-gradient(47deg,rgb(252,185,0) 28%,rgb(255,105,0) 90%)\"><\/span><div class=\"wp-block-cover__inner-container is-layout-flow wp-block-cover-is-layout-flow\">\n<div class=\"inherit-container-width wp-block-group alignwide is-layout-constrained wp-block-group-is-layout-constrained\">\n<div class=\"wp-block-media-text alignwide has-media-on-the-right is-stacked-on-mobile is-vertically-aligned-center\" style=\"grid-template-columns:auto 48%\"><div class=\"wp-block-media-text__content\">\n<h1 class=\"wp-block-heading has-text-align-left has-white-color has-text-color\">Damos forma a tus ideas<\/h1>\n\n\n\n<p class=\"has-white-color has-text-color\">Di lo que quieres vender y te diremos como hacerlo<\/p>\n\n\n\n<div class=\"wp-block-buttons is-layout-flex wp-block-buttons-is-layout-flex\">\n<div class=\"wp-block-button\"><a class=\"wp-block-button__link wp-element-button\" href=\"https:\/\/estudiocaballero.es\/?page_id=57\">Dise\u00f1amos tu nueva web<\/a><\/div>\n<\/div>\n<\/div><figure class=\"wp-block-media-text__media\"><img loading=\"lazy\" decoding=\"async\" width=\"576\" height=\"448\" src=\"https:\/\/estudiocaballero.es\/wp-content\/uploads\/2025\/07\/Firefly-disenadores-trabajando-en-un-estudio-35975.jpg\" alt=\"\" class=\"wp-image-35 size-full\" srcset=\"https:\/\/estudiocaballero.es\/wp-content\/uploads\/2025\/07\/Firefly-disenadores-trabajando-en-un-estudio-35975.jpg 576w, https:\/\/estudiocaballero.es\/wp-content\/uploads\/2025\/07\/Firefly-disenadores-trabajando-en-un-estudio-35975-300x233.jpg 300w\" sizes=\"auto, (max-width: 576px) 100vw, 576px\" \/><\/figure><\/div>\n<\/div>\n<\/div><\/div>\n\n\n\n<div class=\"wp-block-group alignfull has-ast-global-color-5-background-color has-background is-layout-constrained wp-container-core-group-is-layout-9cedb757 wp-block-group-is-layout-constrained\" style=\"padding-bottom:0px\">\n<div class=\"wp-block-columns are-vertically-aligned-top is-layout-flex wp-container-core-columns-is-layout-00723822 wp-block-columns-is-layout-flex\">\n<div class=\"wp-block-column is-vertically-aligned-top is-layout-flow wp-container-core-column-is-layout-6b73ce23 wp-block-column-is-layout-flow\">\n<figure class=\"wp-block-image size-large\"><img decoding=\"async\" src=\"https:\/\/estudiocaballero.es\/wp-content\/themes\/astra\/inc\/assets\/images\/starter-content\/building.svg\" alt=\"\" class=\"wp-image-134\"\/><\/figure>\n\n\n\n<h3 class=\"wp-block-heading has-text-align-left\" style=\"margin-top:16px\">Dise\u00f1o<\/h3>\n\n\n\n<p class=\"has-text-align-left\">Dise\u00f1amos la imagen de su empresa o negocio<\/p>\n<\/div>\n\n\n\n<div class=\"wp-block-column is-vertically-aligned-top is-layout-flow wp-container-core-column-is-layout-6b73ce23 wp-block-column-is-layout-flow\">\n<figure class=\"wp-block-image size-large\"><img decoding=\"async\" src=\"https:\/\/estudiocaballero.es\/wp-content\/themes\/astra\/inc\/assets\/images\/starter-content\/shopping-bag.svg\" alt=\"\" class=\"wp-image-135\"\/><\/figure>\n\n\n\n<h3 class=\"wp-block-heading has-text-align-left\" style=\"margin-top:16px\">Fotograf\u00eda<\/h3>\n\n\n\n<p class=\"has-text-align-left\">Fotografiamos los productos o servicios para la promoci\u00f3n<\/p>\n<\/div>\n\n\n\n<div class=\"wp-block-column is-vertically-aligned-top is-layout-flow wp-container-core-column-is-layout-6b73ce23 wp-block-column-is-layout-flow\">\n<figure class=\"wp-block-image size-large\"><img decoding=\"async\" src=\"https:\/\/estudiocaballero.es\/wp-content\/themes\/astra\/inc\/assets\/images\/starter-content\/blog.svg\" alt=\"\" class=\"wp-image-136\"\/><\/figure>\n\n\n\n<h3 class=\"wp-block-heading has-text-align-left\" style=\"margin-top:16px\">Promoci\u00f3n<\/h3>\n\n\n\n<p class=\"has-text-align-left\">Impresi\u00f3n, desarrollo web, publicidad, marketing&#8230;<\/p>\n<\/div>\n\n\n\n<div class=\"wp-block-column is-vertically-aligned-top is-layout-flow wp-container-core-column-is-layout-6b73ce23 wp-block-column-is-layout-flow\">\n<figure class=\"wp-block-image size-large\"><img decoding=\"async\" src=\"https:\/\/estudiocaballero.es\/wp-content\/themes\/astra\/inc\/assets\/images\/starter-content\/portfolio.svg\" alt=\"\" class=\"wp-image-137\"\/><\/figure>\n\n\n\n<h3 class=\"wp-block-heading has-text-align-left\" style=\"margin-top:16px\">Portfolio<\/h3>\n\n\n\n<p class=\"has-text-align-left\">Trabajado con empresas e instituciones<\/p>\n<\/div>\n<\/div>\n<\/div>\n\n\n\n<div class=\"wp-block-group alignfull is-layout-constrained wp-container-core-group-is-layout-45b0ac4f wp-block-group-is-layout-constrained\" id=\"services\" style=\"padding-top:144px;padding-bottom:0px\">\n<h2 class=\"wp-block-heading\">Nuestros principales servicios<\/h2>\n\n\n\n<div class=\"wp-block-columns is-layout-flex wp-container-core-columns-is-layout-60cbf9bb wp-block-columns-is-layout-flex\" style=\"margin-top:50px\">\n<div class=\"wp-block-column is-layout-flow wp-container-core-column-is-layout-6b73ce23 wp-block-column-is-layout-flow\">\n<figure class=\"wp-block-image size-full\"><img loading=\"lazy\" decoding=\"async\" width=\"1024\" height=\"1024\" src=\"https:\/\/estudiocaballero.es\/wp-content\/uploads\/2025\/07\/DALL\u00b7E-2025-07-23-21.17.49-An-abstract-and-colorful-illustration-representing-Editorial-Design-in-a-geometric-and-surreal-style.-The-image-features-vibrant-rainbow-colors-bol.webp\" alt=\"\" class=\"wp-image-45\" srcset=\"https:\/\/estudiocaballero.es\/wp-content\/uploads\/2025\/07\/DALL\u00b7E-2025-07-23-21.17.49-An-abstract-and-colorful-illustration-representing-Editorial-Design-in-a-geometric-and-surreal-style.-The-image-features-vibrant-rainbow-colors-bol.webp 1024w, https:\/\/estudiocaballero.es\/wp-content\/uploads\/2025\/07\/DALL\u00b7E-2025-07-23-21.17.49-An-abstract-and-colorful-illustration-representing-Editorial-Design-in-a-geometric-and-surreal-style.-The-image-features-vibrant-rainbow-colors-bol-300x300.webp 300w, https:\/\/estudiocaballero.es\/wp-content\/uploads\/2025\/07\/DALL\u00b7E-2025-07-23-21.17.49-An-abstract-and-colorful-illustration-representing-Editorial-Design-in-a-geometric-and-surreal-style.-The-image-features-vibrant-rainbow-colors-bol-150x150.webp 150w, https:\/\/estudiocaballero.es\/wp-content\/uploads\/2025\/07\/DALL\u00b7E-2025-07-23-21.17.49-An-abstract-and-colorful-illustration-representing-Editorial-Design-in-a-geometric-and-surreal-style.-The-image-features-vibrant-rainbow-colors-bol-768x768.webp 768w\" sizes=\"auto, (max-width: 1024px) 100vw, 1024px\" \/><\/figure>\n\n\n\n<h3 class=\"wp-block-heading\" style=\"margin-top:16px\">Dise\u00f1o editorial<\/h3>\n\n\n\n<p>Orientado tanto a la producci\u00f3n de libros impresos como e-books, nos permite usar una gran dosis de creatividad y aplicar los conocimientos t\u00e9cnicos desarrollados durante los \u00faltimos 25 a\u00f1os de experiencia, para garantizar un trabajo perfecto durante la producci\u00f3n, y un costo \u00f3ptimo, controlando el flujo de trabajo desde<br>el primer contacto con el cliente hasta de distribuci\u00f3n final del libro.<\/p>\n<\/div>\n\n\n\n<div class=\"wp-block-column is-layout-flow wp-container-core-column-is-layout-6b73ce23 wp-block-column-is-layout-flow\">\n<figure class=\"wp-block-image size-full\"><img loading=\"lazy\" decoding=\"async\" width=\"1024\" height=\"1024\" src=\"https:\/\/estudiocaballero.es\/wp-content\/uploads\/2025\/07\/DALL\u00b7E-2025-07-23-21.17.57-An-abstract-and-colorful-illustration-representing-Stage-Design-in-a-geometric-and-surreal-style.-The-image-includes-vibrant-rainbow-colored-geometr.webp\" alt=\"\" class=\"wp-image-42\" srcset=\"https:\/\/estudiocaballero.es\/wp-content\/uploads\/2025\/07\/DALL\u00b7E-2025-07-23-21.17.57-An-abstract-and-colorful-illustration-representing-Stage-Design-in-a-geometric-and-surreal-style.-The-image-includes-vibrant-rainbow-colored-geometr.webp 1024w, https:\/\/estudiocaballero.es\/wp-content\/uploads\/2025\/07\/DALL\u00b7E-2025-07-23-21.17.57-An-abstract-and-colorful-illustration-representing-Stage-Design-in-a-geometric-and-surreal-style.-The-image-includes-vibrant-rainbow-colored-geometr-300x300.webp 300w, https:\/\/estudiocaballero.es\/wp-content\/uploads\/2025\/07\/DALL\u00b7E-2025-07-23-21.17.57-An-abstract-and-colorful-illustration-representing-Stage-Design-in-a-geometric-and-surreal-style.-The-image-includes-vibrant-rainbow-colored-geometr-150x150.webp 150w, https:\/\/estudiocaballero.es\/wp-content\/uploads\/2025\/07\/DALL\u00b7E-2025-07-23-21.17.57-An-abstract-and-colorful-illustration-representing-Stage-Design-in-a-geometric-and-surreal-style.-The-image-includes-vibrant-rainbow-colored-geometr-768x768.webp 768w\" sizes=\"auto, (max-width: 1024px) 100vw, 1024px\" \/><\/figure>\n\n\n\n<h3 class=\"wp-block-heading\" style=\"margin-top:16px\">Dise\u00f1o esc\u00e9nico<\/h3>\n\n\n\n<p>La creatividad gr\u00e1fica asociada al marketing de eventos, garantiza un dise\u00f1o estrat\u00e9gico adaptado a cada trabajo, permitiendo optimizar el tiempo y el dinero invertido en la promoci\u00f3n de campa\u00f1as promocionales. Nuestro departamento de artes esc\u00e9nica dise\u00f1a y fabrica escenograf\u00edas para teatro, danza, m\u00fasica, eventos en vivo, cine, documentales &#8230;.<\/p>\n<\/div>\n\n\n\n<div class=\"wp-block-column is-layout-flow wp-container-core-column-is-layout-6b73ce23 wp-block-column-is-layout-flow\">\n<figure class=\"wp-block-image size-full\"><img loading=\"lazy\" decoding=\"async\" width=\"1024\" height=\"1024\" src=\"https:\/\/estudiocaballero.es\/wp-content\/uploads\/2025\/07\/DALL\u00b7E-2025-07-23-21.17.32-A-simplified-abstract-and-colorful-illustration-representing-Web-Design-in-a-geometric-and-surreal-style.-The-composition-should-include-a-laptop-b.webp\" alt=\"\" class=\"wp-image-43\" srcset=\"https:\/\/estudiocaballero.es\/wp-content\/uploads\/2025\/07\/DALL\u00b7E-2025-07-23-21.17.32-A-simplified-abstract-and-colorful-illustration-representing-Web-Design-in-a-geometric-and-surreal-style.-The-composition-should-include-a-laptop-b.webp 1024w, https:\/\/estudiocaballero.es\/wp-content\/uploads\/2025\/07\/DALL\u00b7E-2025-07-23-21.17.32-A-simplified-abstract-and-colorful-illustration-representing-Web-Design-in-a-geometric-and-surreal-style.-The-composition-should-include-a-laptop-b-300x300.webp 300w, https:\/\/estudiocaballero.es\/wp-content\/uploads\/2025\/07\/DALL\u00b7E-2025-07-23-21.17.32-A-simplified-abstract-and-colorful-illustration-representing-Web-Design-in-a-geometric-and-surreal-style.-The-composition-should-include-a-laptop-b-150x150.webp 150w, https:\/\/estudiocaballero.es\/wp-content\/uploads\/2025\/07\/DALL\u00b7E-2025-07-23-21.17.32-A-simplified-abstract-and-colorful-illustration-representing-Web-Design-in-a-geometric-and-surreal-style.-The-composition-should-include-a-laptop-b-768x768.webp 768w\" sizes=\"auto, (max-width: 1024px) 100vw, 1024px\" \/><\/figure>\n\n\n\n<h3 class=\"wp-block-heading\" style=\"margin-top:16px\">Dise\u00f1o de marca<\/h3>\n\n\n\n<p>La identidad de la empresa es el primer punto a tener en cuenta a la hora de abrir un negocio, ser\u00e1 nuestra imagen de cara a nuestros clientes, por ello nos se puede improvisar, son mas de 200 empresas las que han confiado en nuestro dise\u00f1o para representar su imagen, pudiendo elaborar tanto el manual de identidad corporativa completo como sus aplicaciones en medios.<\/p>\n<\/div>\n<\/div>\n<\/div>\n\n\n\n<div class=\"wp-block-group alignfull has-ast-global-color-5-background-color has-background is-layout-constrained wp-container-core-group-is-layout-94d206d0 wp-block-group-is-layout-constrained\" id=\"about\" style=\"padding-top:143px;padding-bottom:144px\">\n<div class=\"wp-block-media-text has-media-on-the-right is-stacked-on-mobile is-vertically-aligned-center\"><div class=\"wp-block-media-text__content\">\n<div class=\"inherit-container-width wp-block-group is-layout-constrained wp-container-core-group-is-layout-47ce07ec wp-block-group-is-layout-constrained\" style=\"padding-right:80px\">\n<h2 class=\"wp-block-heading\" style=\"padding-right:40px\">Un equipo din\u00e1mico <\/h2>\n\n\n\n<p>M\u00e1s de 25 a\u00f1os de experiencia en el sector nos avala como empresa solvente y con capacidad de adaptarse a los cambios tecnol\u00f3gicos y del mercado.<\/p>\n\n\n\n<p>Contamos con 600 m2 de estudio, plat\u00f3 fotogr\u00e1fico y laboratorio de retoque digital<br>de esta forma podemos controlar todo el proceso creativo, desde la fotograf\u00eda, el dise\u00f1o de arte, el plan de medios, la impresi\u00f3n y distribuci\u00f3n de cualquier producto gr\u00e1fico. <\/p>\n<\/div>\n<\/div><figure class=\"wp-block-media-text__media\"><img loading=\"lazy\" decoding=\"async\" width=\"1024\" height=\"1024\" src=\"https:\/\/estudiocaballero.es\/wp-content\/uploads\/2025\/07\/equipo-de-trabajo.webp\" alt=\"\" class=\"wp-image-41 size-full\" srcset=\"https:\/\/estudiocaballero.es\/wp-content\/uploads\/2025\/07\/equipo-de-trabajo.webp 1024w, https:\/\/estudiocaballero.es\/wp-content\/uploads\/2025\/07\/equipo-de-trabajo-300x300.webp 300w, https:\/\/estudiocaballero.es\/wp-content\/uploads\/2025\/07\/equipo-de-trabajo-150x150.webp 150w, https:\/\/estudiocaballero.es\/wp-content\/uploads\/2025\/07\/equipo-de-trabajo-768x768.webp 768w\" sizes=\"auto, (max-width: 1024px) 100vw, 1024px\" \/><\/figure><\/div>\n<\/div>\n\n\n\n<div class=\"wp-block-group alignfull has-ast-global-color-4-background-color has-background is-layout-constrained wp-container-core-group-is-layout-6a2cfb7b wp-block-group-is-layout-constrained\" id=\"reviews\">\n<figure class=\"wp-block-image aligncenter size-full is-resized is-style-rounded wp-duotone-unset-1\" style=\"margin-top:0;margin-bottom:0\"><img loading=\"lazy\" decoding=\"async\" width=\"1024\" height=\"1024\" src=\"https:\/\/estudiocaballero.es\/wp-content\/uploads\/2025\/07\/DALL\u00b7E-2025-07-23-21.01.30-A-digital-illustration-of-a-middle-aged-man-in-a-photography-studio-depicted-in-a-modern-cartoon-style-with-clean-lines-and-soft-gradients.-The-man-h.webp\" alt=\"\" class=\"wp-image-40\" style=\"aspect-ratio:0.75;object-fit:cover;width:159px;height:auto\" srcset=\"https:\/\/estudiocaballero.es\/wp-content\/uploads\/2025\/07\/DALL\u00b7E-2025-07-23-21.01.30-A-digital-illustration-of-a-middle-aged-man-in-a-photography-studio-depicted-in-a-modern-cartoon-style-with-clean-lines-and-soft-gradients.-The-man-h.webp 1024w, https:\/\/estudiocaballero.es\/wp-content\/uploads\/2025\/07\/DALL\u00b7E-2025-07-23-21.01.30-A-digital-illustration-of-a-middle-aged-man-in-a-photography-studio-depicted-in-a-modern-cartoon-style-with-clean-lines-and-soft-gradients.-The-man-h-300x300.webp 300w, https:\/\/estudiocaballero.es\/wp-content\/uploads\/2025\/07\/DALL\u00b7E-2025-07-23-21.01.30-A-digital-illustration-of-a-middle-aged-man-in-a-photography-studio-depicted-in-a-modern-cartoon-style-with-clean-lines-and-soft-gradients.-The-man-h-150x150.webp 150w, https:\/\/estudiocaballero.es\/wp-content\/uploads\/2025\/07\/DALL\u00b7E-2025-07-23-21.01.30-A-digital-illustration-of-a-middle-aged-man-in-a-photography-studio-depicted-in-a-modern-cartoon-style-with-clean-lines-and-soft-gradients.-The-man-h-768x768.webp 768w\" sizes=\"auto, (max-width: 1024px) 100vw, 1024px\" \/><\/figure>\n\n\n\n<p class=\"has-text-align-center\" style=\"font-size:22px;line-height:1.6\">\u201cEn nuestros dise\u00f1os distinguimos entre lo ef\u00edmero de la pasi\u00f3n y la eternidad de lo bello.\u201d<\/p>\n\n\n\n<p class=\"has-text-align-center\"><strong>Jes\u00fas Caballero<\/strong><\/p>\n<\/div>\n\n\n\n<div class=\"wp-block-group alignfull is-layout-constrained wp-container-core-group-is-layout-3fee123f wp-block-group-is-layout-constrained\" id=\"whyus\" style=\"padding-top:144px;padding-bottom:144px\">\n<h2 class=\"wp-block-heading\">Porqu\u00e9 trabajar con nosotros<\/h2>\n\n\n\n<div class=\"wp-block-columns is-layout-flex wp-container-core-columns-is-layout-29aadeec wp-block-columns-is-layout-flex\" style=\"margin-top:60px\">\n<div class=\"wp-block-column is-layout-flow wp-container-core-column-is-layout-6b73ce23 wp-block-column-is-layout-flow\">\n<figure class=\"wp-block-image size-large\"><img decoding=\"async\" src=\"https:\/\/estudiocaballero.es\/wp-content\/themes\/astra\/inc\/assets\/images\/starter-content\/passionate.svg\" alt=\"\" class=\"wp-image-162\"\/><\/figure>\n\n\n\n<h3 class=\"wp-block-heading\" style=\"margin-top:16px\">Creativos<\/h3>\n\n\n\n<p>Nos diferenciamos de la competencia por dar un giro creativo a nuestro trabajo, haciendo que sus productos destaquen entre los de la competencia.<\/p>\n<\/div>\n\n\n\n<div class=\"wp-block-column is-layout-flow wp-container-core-column-is-layout-6b73ce23 wp-block-column-is-layout-flow\">\n<figure class=\"wp-block-image size-large\"><img decoding=\"async\" src=\"https:\/\/estudiocaballero.es\/wp-content\/themes\/astra\/inc\/assets\/images\/starter-content\/professional.svg\" alt=\"\" class=\"wp-image-163\"\/><\/figure>\n\n\n\n<h3 class=\"wp-block-heading\" style=\"margin-top:16px\">Profesionales<\/h3>\n\n\n\n<p>Trabajamos con las mejores empresas de producci\u00f3n gr\u00e1fica y multimedia. garantizando la m\u00e1xima calidad de los productos.<\/p>\n<\/div>\n\n\n\n<div class=\"wp-block-column is-layout-flow wp-container-core-column-is-layout-6b73ce23 wp-block-column-is-layout-flow\">\n<figure class=\"wp-block-image size-large\"><img decoding=\"async\" src=\"https:\/\/estudiocaballero.es\/wp-content\/themes\/astra\/inc\/assets\/images\/starter-content\/support.svg\" alt=\"\" class=\"wp-image-164\"\/><\/figure>\n\n\n\n<h3 class=\"wp-block-heading\" style=\"margin-top:16px\">Servicios<\/h3>\n\n\n\n<p>Realizamos cat\u00e1logos, revistas, manuales, se\u00f1al\u00e9tica, anuncios en radio y prensa, packaging, web y comercio electr\u00f3nico, impresi\u00f3n offset y digital para grandes y peque\u00f1as tiradas.<\/p>\n<\/div>\n<\/div>\n<\/div>\n\n\n\n<div class=\"wp-block-group alignfull has-background is-layout-constrained wp-container-core-group-is-layout-cfcca693 wp-block-group-is-layout-constrained\" id=\"contact\" style=\"background:linear-gradient(135deg,rgb(252,185,0) 0%,rgb(255,105,0) 69%);padding-top:104px;padding-bottom:104px\">\n<h2 class=\"wp-block-heading has-text-align-center has-text-color\" style=\"color:#ffffff\">Consigue una tienda online gratis !<\/h2>\n\n\n\n<div class=\"wp-block-buttons alignwide is-horizontal is-content-justification-center is-layout-flex wp-container-core-buttons-is-layout-bba8380a wp-block-buttons-is-layout-flex\" style=\"margin-top:50px\">\n<div class=\"wp-block-button\"><a class=\"wp-block-button__link wp-element-button\" href=\"https:\/\/estudiocaballero.es\/?page_id=57\">Kitdigital<\/a><\/div>\n<\/div>\n<\/div>\n\n\n\n<p><\/p>\n\n\n\n<p>Dale visibilidad a tus productos o servicios de una manera atractiva y eficaz. A\u00f1adimos la funcionalidad de venta a tu web fotografiando los productos o creamos una tienda online de cero con las mejores herramientas actuales.<\/p>\n\n\n\n<p>Realizamos tu nueva web, tienda y cat\u00e1logo online \/ eCommerce totalmente gratis gracias al programa Kit Digital <\/p>\n\n\n\n<hr class=\"wp-block-separator has-alpha-channel-opacity\"\/>\n\n\n\n<figure class=\"wp-block-image size-full\"><img loading=\"lazy\" decoding=\"async\" width=\"2560\" height=\"239\" src=\"https:\/\/estudiocaballero.es\/wp-content\/uploads\/2025\/07\/CONBANDERA_KITDIGITAL-scaled.png\" alt=\"\" class=\"wp-image-51\" srcset=\"https:\/\/estudiocaballero.es\/wp-content\/uploads\/2025\/07\/CONBANDERA_KITDIGITAL-scaled.png 2560w, https:\/\/estudiocaballero.es\/wp-content\/uploads\/2025\/07\/CONBANDERA_KITDIGITAL-300x28.png 300w, https:\/\/estudiocaballero.es\/wp-content\/uploads\/2025\/07\/CONBANDERA_KITDIGITAL-1024x95.png 1024w, https:\/\/estudiocaballero.es\/wp-content\/uploads\/2025\/07\/CONBANDERA_KITDIGITAL-768x72.png 768w, https:\/\/estudiocaballero.es\/wp-content\/uploads\/2025\/07\/CONBANDERA_KITDIGITAL-1536x143.png 1536w, https:\/\/estudiocaballero.es\/wp-content\/uploads\/2025\/07\/CONBANDERA_KITDIGITAL-2048x191.png 2048w\" sizes=\"auto, (max-width: 2560px) 100vw, 2560px\" \/><\/figure>\n\n\n\n<p><\/p>\n","protected":false},"excerpt":{"rendered":"<p>Dise\u00f1o Dise\u00f1amos la imagen de su empresa o negocio Fotograf\u00eda Fotografiamos los productos o servicios para la promoci\u00f3n Promoci\u00f3n Impresi\u00f3n, [&hellip;]<\/p>\n","protected":false},"author":1,"featured_media":0,"parent":0,"menu_order":0,"comment_status":"closed","ping_status":"closed","template":"","meta":{"site-sidebar-layout":"no-sidebar","site-content-layout":"plain-container","ast-site-content-layout":"default","site-content-style":"default","site-sidebar-style":"default","ast-global-header-display":"","ast-banner-title-visibility":"","ast-main-header-display":"","ast-hfb-above-header-display":"","ast-hfb-below-header-display":"","ast-hfb-mobile-header-display":"","site-post-title":"disabled","ast-breadcrumbs-content":"","ast-featured-img":"","footer-sml-layout":"","theme-transparent-header-meta":"enabled","adv-header-id-meta":"","stick-header-meta":"","header-above-stick-meta":"","header-main-stick-meta":"","header-below-stick-meta":"","astra-migrate-meta-layouts":"default","ast-page-background-enabled":"default","ast-page-background-meta":{"desktop":{"background-color":"var(--ast-global-color-5)","background-image":"","background-repeat":"repeat","background-position":"center center","background-size":"auto","background-attachment":"scroll","background-type":"","background-media":"","overlay-type":"","overlay-color":"","overlay-opacity":"","overlay-gradient":""},"tablet":{"background-color":"","background-image":"","background-repeat":"repeat","background-position":"center center","background-size":"auto","background-attachment":"scroll","background-type":"","background-media":"","overlay-type":"","overlay-color":"","overlay-opacity":"","overlay-gradient":""},"mobile":{"background-color":"","background-image":"","background-repeat":"repeat","background-position":"center center","background-size":"auto","background-attachment":"scroll","background-type":"","background-media":"","overlay-type":"","overlay-color":"","overlay-opacity":"","overlay-gradient":""}},"ast-content-background-meta":{"desktop":{"background-color":"var(--ast-global-color-4)","background-image":"","background-repeat":"repeat","background-position":"center center","background-size":"auto","background-attachment":"scroll","background-type":"","background-media":"","overlay-type":"","overlay-color":"","overlay-opacity":"","overlay-gradient":""},"tablet":{"background-color":"var(--ast-global-color-4)","background-image":"","background-repeat":"repeat","background-position":"center center","background-size":"auto","background-attachment":"scroll","background-type":"","background-media":"","overlay-type":"","overlay-color":"","overlay-opacity":"","overlay-gradient":""},"mobile":{"background-color":"var(--ast-global-color-4)","background-image":"","background-repeat":"repeat","background-position":"center center","background-size":"auto","background-attachment":"scroll","background-type":"","background-media":"","overlay-type":"","overlay-color":"","overlay-opacity":"","overlay-gradient":""}},"footnotes":""},"class_list":["post-9","page","type-page","status-publish","hentry"],"_links":{"self":[{"href":"https:\/\/estudiocaballero.es\/index.php?rest_route=\/wp\/v2\/pages\/9","targetHints":{"allow":["GET"]}}],"collection":[{"href":"https:\/\/estudiocaballero.es\/index.php?rest_route=\/wp\/v2\/pages"}],"about":[{"href":"https:\/\/estudiocaballero.es\/index.php?rest_route=\/wp\/v2\/types\/page"}],"author":[{"embeddable":true,"href":"https:\/\/estudiocaballero.es\/index.php?rest_route=\/wp\/v2\/users\/1"}],"replies":[{"embeddable":true,"href":"https:\/\/estudiocaballero.es\/index.php?rest_route=%2Fwp%2Fv2%2Fcomments&post=9"}],"version-history":[{"count":12,"href":"https:\/\/estudiocaballero.es\/index.php?rest_route=\/wp\/v2\/pages\/9\/revisions"}],"predecessor-version":[{"id":65,"href":"https:\/\/estudiocaballero.es\/index.php?rest_route=\/wp\/v2\/pages\/9\/revisions\/65"}],"wp:attachment":[{"href":"https:\/\/estudiocaballero.es\/index.php?rest_route=%2Fwp%2Fv2%2Fmedia&parent=9"}],"curies":[{"name":"wp","href":"https:\/\/api.w.org\/{rel}","templated":true}]}}